{"id":1064,"date":"2020-04-24T17:25:53","date_gmt":"2020-04-24T15:25:53","guid":{"rendered":"http:\/\/coralieferreiraphotographe.com\/?page_id=1064"},"modified":"2020-04-30T17:12:41","modified_gmt":"2020-04-30T15:12:41","slug":"infos-pratiques","status":"publish","type":"page","link":"https:\/\/coralieferreiraphotographe.com\/index.php\/infos-pratiques\/","title":{"rendered":"Infos pratiques"},"content":{"rendered":"<p><div class=\"fusion-fullwidth fullwidth-box fusion-builder-row-1 nonhundred-percent-fullwidth non-hundred-percent-height-scrolling\"  style='background-color: #242424;background-position: center center;background-repeat: no-repeat;padding-top:0px;padding-right:0px;padding-bottom:0px;padding-left:0px;'><div class=\"fusion-builder-row fusion-row \"><\/div><\/div><style type=\"text\/css\">.fusion-fullwidth.fusion-builder-row-1 a:not(.fusion-button):not(.fusion-builder-module-control):not(.fusion-social-network-icon):not(.fb-icon-element):not(.fusion-countdown-link):not(.fusion-rollover-link):not(.fusion-rollover-gallery):not(.fusion-button-bar):not(.add_to_cart_button):not(.show_details_button):not(.product_type_external):not(.fusion-quick-view):not(.fusion-rollover-title-link):not(.fusion-breadcrumb-link) , .fusion-fullwidth.fusion-builder-row-1 a:not(.fusion-button):not(.fusion-builder-module-control):not(.fusion-social-network-icon):not(.fb-icon-element):not(.fusion-countdown-link):not(.fusion-rollover-link):not(.fusion-rollover-gallery):not(.fusion-button-bar):not(.add_to_cart_button):not(.show_details_button):not(.product_type_external):not(.fusion-quick-view):not(.fusion-rollover-title-link):not(.fusion-breadcrumb-link):before, .fusion-fullwidth.fusion-builder-row-1 a:not(.fusion-button):not(.fusion-builder-module-control):not(.fusion-social-network-icon):not(.fb-icon-element):not(.fusion-countdown-link):not(.fusion-rollover-link):not(.fusion-rollover-gallery):not(.fusion-button-bar):not(.add_to_cart_button):not(.show_details_button):not(.product_type_external):not(.fusion-quick-view):not(.fusion-rollover-title-link):not(.fusion-breadcrumb-link):after {color: #ffffff;}.fusion-fullwidth.fusion-builder-row-1 a:not(.fusion-button):not(.fusion-builder-module-control):not(.fusion-social-network-icon):not(.fb-icon-element):not(.fusion-countdown-link):not(.fusion-rollover-link):not(.fusion-rollover-gallery):not(.fusion-button-bar):not(.add_to_cart_button):not(.show_details_button):not(.product_type_external):not(.fusion-quick-view):not(.fusion-rollover-title-link):not(.fusion-breadcrumb-link):hover, .fusion-fullwidth.fusion-builder-row-1 a:not(.fusion-button):not(.fusion-builder-module-control):not(.fusion-social-network-icon):not(.fb-icon-element):not(.fusion-countdown-link):not(.fusion-rollover-link):not(.fusion-rollover-gallery):not(.fusion-button-bar):not(.add_to_cart_button):not(.show_details_button):not(.product_type_external):not(.fusion-quick-view):not(.fusion-rollover-title-link):not(.fusion-breadcrumb-link):hover:before, .fusion-fullwidth.fusion-builder-row-1 a:not(.fusion-button):not(.fusion-builder-module-control):not(.fusion-social-network-icon):not(.fb-icon-element):not(.fusion-countdown-link):not(.fusion-rollover-link):not(.fusion-rollover-gallery):not(.fusion-button-bar):not(.add_to_cart_button):not(.show_details_button):not(.product_type_external):not(.fusion-quick-view):not(.fusion-rollover-title-link):not(.fusion-breadcrumb-link):hover:after {color: #af3f7f;}.fusion-fullwidth.fusion-builder-row-1 .pagination a.inactive:hover, .fusion-fullwidth.fusion-builder-row-1 .fusion-filters .fusion-filter.fusion-active a {border-color: #af3f7f;}.fusion-fullwidth.fusion-builder-row-1 .pagination .current {border-color: #af3f7f; background-color: #af3f7f;}.fusion-fullwidth.fusion-builder-row-1 .fusion-filters .fusion-filter.fusion-active a, .fusion-fullwidth.fusion-builder-row-1 .fusion-date-and-formats .fusion-format-box, .fusion-fullwidth.fusion-builder-row-1 .fusion-popover, .fusion-fullwidth.fusion-builder-row-1 .tooltip-shortcode {color: #af3f7f;}#main .fusion-fullwidth.fusion-builder-row-1 .post .blog-shortcode-post-title a:hover {color: #af3f7f;}<\/style><div class=\"fusion-fullwidth fullwidth-box fusion-builder-row-2 nonhundred-percent-fullwidth non-hundred-percent-height-scrolling\"  style='background-color: #242424;background-position: center center;background-repeat: no-repeat;padding-top:0px;padding-right:0px;padding-bottom:0px;padding-left:0px;'><div class=\"fusion-builder-row fusion-row \"><div  class=\"fusion-layout-column fusion_builder_column fusion_builder_column_1_1 fusion-builder-column-0 fusion-one-full fusion-column-first fusion-column-last 1_1\"  style='margin-top:0px;margin-bottom:20px;'><div class=\"fusion-column-wrapper\" style=\"padding: 0px 0px 0px 0px;background-position:left top;background-repeat:no-repeat;-webkit-background-size:cover;-moz-background-size:cover;-o-background-size:cover;background-size:cover;\"   data-bg-url=\"\"><div class=\"fusion-slider-sc fusion-flexslider-loading flexslider fusion-aligncenter flexslider-hover-type-none\" data-slideshow_autoplay=\"1\" data-slideshow_smooth_height=\"1\" data-slideshow_speed=\"7000\" style=\"max-width:100%;height:100%;\"><ul class=\"slides\"><li class=\"image\"><span class=\"fusion-image-hover-element hover-type-none\"><img loading=\"lazy\" decoding=\"async\" src=\"https:\/\/coralieferreiraphotographe.com\/wp-content\/uploads\/2020\/03\/PROPRIETE-CORALIE-FERREIRA-PHOTOGRAPHE-2-scaled.jpg\" width=\"2560\" height=\"1709\" class=\"wp-image-734\" srcset=\"https:\/\/coralieferreiraphotographe.com\/wp-content\/uploads\/2020\/03\/PROPRIETE-CORALIE-FERREIRA-PHOTOGRAPHE-2-50x33.jpg 50w, https:\/\/coralieferreiraphotographe.com\/wp-content\/uploads\/2020\/03\/PROPRIETE-CORALIE-FERREIRA-PHOTOGRAPHE-2-300x200.jpg 300w, https:\/\/coralieferreiraphotographe.com\/wp-content\/uploads\/2020\/03\/PROPRIETE-CORALIE-FERREIRA-PHOTOGRAPHE-2-768x513.jpg 768w, https:\/\/coralieferreiraphotographe.com\/wp-content\/uploads\/2020\/03\/PROPRIETE-CORALIE-FERREIRA-PHOTOGRAPHE-2-1024x683.jpg 1024w, https:\/\/coralieferreiraphotographe.com\/wp-content\/uploads\/2020\/03\/PROPRIETE-CORALIE-FERREIRA-PHOTOGRAPHE-2-1536x1025.jpg 1536w, https:\/\/coralieferreiraphotographe.com\/wp-content\/uploads\/2020\/03\/PROPRIETE-CORALIE-FERREIRA-PHOTOGRAPHE-2-scaled.jpg 2560w\" sizes=\"(max-width: 2560px) 100vw, 2560px\" \/><\/span><\/li><li class=\"image\"><span class=\"fusion-image-hover-element hover-type-none\"><img loading=\"lazy\" decoding=\"async\" src=\"https:\/\/coralieferreiraphotographe.com\/wp-content\/uploads\/2020\/03\/PROPRIETE-CORALIE-FERREIRA-PHOTOGRAPHE-1-scaled.jpg\" width=\"2560\" height=\"1709\" class=\"wp-image-733\" srcset=\"https:\/\/coralieferreiraphotographe.com\/wp-content\/uploads\/2020\/03\/PROPRIETE-CORALIE-FERREIRA-PHOTOGRAPHE-1-50x33.jpg 50w, https:\/\/coralieferreiraphotographe.com\/wp-content\/uploads\/2020\/03\/PROPRIETE-CORALIE-FERREIRA-PHOTOGRAPHE-1-300x200.jpg 300w, https:\/\/coralieferreiraphotographe.com\/wp-content\/uploads\/2020\/03\/PROPRIETE-CORALIE-FERREIRA-PHOTOGRAPHE-1-768x513.jpg 768w, https:\/\/coralieferreiraphotographe.com\/wp-content\/uploads\/2020\/03\/PROPRIETE-CORALIE-FERREIRA-PHOTOGRAPHE-1-1024x683.jpg 1024w, https:\/\/coralieferreiraphotographe.com\/wp-content\/uploads\/2020\/03\/PROPRIETE-CORALIE-FERREIRA-PHOTOGRAPHE-1-1536x1025.jpg 1536w, https:\/\/coralieferreiraphotographe.com\/wp-content\/uploads\/2020\/03\/PROPRIETE-CORALIE-FERREIRA-PHOTOGRAPHE-1-scaled.jpg 2560w\" sizes=\"(max-width: 2560px) 100vw, 2560px\" \/><\/span><\/li><li class=\"image\"><span class=\"fusion-image-hover-element hover-type-none\"><img loading=\"lazy\" decoding=\"async\" src=\"https:\/\/coralieferreiraphotographe.com\/wp-content\/uploads\/2020\/03\/PROPRIETE-CORAIE-FERREIRA-PHOTOGRAPHE-hs-scaled.jpg\" width=\"2560\" height=\"1745\" class=\"wp-image-732\" srcset=\"https:\/\/coralieferreiraphotographe.com\/wp-content\/uploads\/2020\/03\/PROPRIETE-CORAIE-FERREIRA-PHOTOGRAPHE-hs-50x34.jpg 50w, https:\/\/coralieferreiraphotographe.com\/wp-content\/uploads\/2020\/03\/PROPRIETE-CORAIE-FERREIRA-PHOTOGRAPHE-hs-300x204.jpg 300w, https:\/\/coralieferreiraphotographe.com\/wp-content\/uploads\/2020\/03\/PROPRIETE-CORAIE-FERREIRA-PHOTOGRAPHE-hs-768x523.jpg 768w, https:\/\/coralieferreiraphotographe.com\/wp-content\/uploads\/2020\/03\/PROPRIETE-CORAIE-FERREIRA-PHOTOGRAPHE-hs-1024x698.jpg 1024w, https:\/\/coralieferreiraphotographe.com\/wp-content\/uploads\/2020\/03\/PROPRIETE-CORAIE-FERREIRA-PHOTOGRAPHE-hs-1536x1047.jpg 1536w, https:\/\/coralieferreiraphotographe.com\/wp-content\/uploads\/2020\/03\/PROPRIETE-CORAIE-FERREIRA-PHOTOGRAPHE-hs-scaled.jpg 2560w\" sizes=\"(max-width: 2560px) 100vw, 2560px\" \/><\/span><\/li><\/ul><\/div><div class=\"fusion-clearfix\"><\/div><\/div><\/div><\/div><\/div><style type=\"text\/css\">.fusion-fullwidth.fusion-builder-row-2 a:not(.fusion-button):not(.fusion-builder-module-control):not(.fusion-social-network-icon):not(.fb-icon-element):not(.fusion-countdown-link):not(.fusion-rollover-link):not(.fusion-rollover-gallery):not(.fusion-button-bar):not(.add_to_cart_button):not(.show_details_button):not(.product_type_external):not(.fusion-quick-view):not(.fusion-rollover-title-link):not(.fusion-breadcrumb-link) , .fusion-fullwidth.fusion-builder-row-2 a:not(.fusion-button):not(.fusion-builder-module-control):not(.fusion-social-network-icon):not(.fb-icon-element):not(.fusion-countdown-link):not(.fusion-rollover-link):not(.fusion-rollover-gallery):not(.fusion-button-bar):not(.add_to_cart_button):not(.show_details_button):not(.product_type_external):not(.fusion-quick-view):not(.fusion-rollover-title-link):not(.fusion-breadcrumb-link):before, .fusion-fullwidth.fusion-builder-row-2 a:not(.fusion-button):not(.fusion-builder-module-control):not(.fusion-social-network-icon):not(.fb-icon-element):not(.fusion-countdown-link):not(.fusion-rollover-link):not(.fusion-rollover-gallery):not(.fusion-button-bar):not(.add_to_cart_button):not(.show_details_button):not(.product_type_external):not(.fusion-quick-view):not(.fusion-rollover-title-link):not(.fusion-breadcrumb-link):after {color: #ffffff;}.fusion-fullwidth.fusion-builder-row-2 a:not(.fusion-button):not(.fusion-builder-module-control):not(.fusion-social-network-icon):not(.fb-icon-element):not(.fusion-countdown-link):not(.fusion-rollover-link):not(.fusion-rollover-gallery):not(.fusion-button-bar):not(.add_to_cart_button):not(.show_details_button):not(.product_type_external):not(.fusion-quick-view):not(.fusion-rollover-title-link):not(.fusion-breadcrumb-link):hover, .fusion-fullwidth.fusion-builder-row-2 a:not(.fusion-button):not(.fusion-builder-module-control):not(.fusion-social-network-icon):not(.fb-icon-element):not(.fusion-countdown-link):not(.fusion-rollover-link):not(.fusion-rollover-gallery):not(.fusion-button-bar):not(.add_to_cart_button):not(.show_details_button):not(.product_type_external):not(.fusion-quick-view):not(.fusion-rollover-title-link):not(.fusion-breadcrumb-link):hover:before, .fusion-fullwidth.fusion-builder-row-2 a:not(.fusion-button):not(.fusion-builder-module-control):not(.fusion-social-network-icon):not(.fb-icon-element):not(.fusion-countdown-link):not(.fusion-rollover-link):not(.fusion-rollover-gallery):not(.fusion-button-bar):not(.add_to_cart_button):not(.show_details_button):not(.product_type_external):not(.fusion-quick-view):not(.fusion-rollover-title-link):not(.fusion-breadcrumb-link):hover:after {color: #af3f7f;}.fusion-fullwidth.fusion-builder-row-2 .pagination a.inactive:hover, .fusion-fullwidth.fusion-builder-row-2 .fusion-filters .fusion-filter.fusion-active a {border-color: #af3f7f;}.fusion-fullwidth.fusion-builder-row-2 .pagination .current {border-color: #af3f7f; background-color: #af3f7f;}.fusion-fullwidth.fusion-builder-row-2 .fusion-filters .fusion-filter.fusion-active a, .fusion-fullwidth.fusion-builder-row-2 .fusion-date-and-formats .fusion-format-box, .fusion-fullwidth.fusion-builder-row-2 .fusion-popover, .fusion-fullwidth.fusion-builder-row-2 .tooltip-shortcode {color: #af3f7f;}#main .fusion-fullwidth.fusion-builder-row-2 .post .blog-shortcode-post-title a:hover {color: #af3f7f;}<\/style><\/p>\n","protected":false},"excerpt":{"rendered":"","protected":false},"author":1,"featured_media":0,"parent":0,"menu_order":0,"comment_status":"closed","ping_status":"closed","template":"","meta":{"footnotes":""},"yoast_head":"<!-- This site is optimized with the Yoast SEO plugin v19.4 - https:\/\/yoast.com\/wordpress\/plugins\/seo\/ -->\n<title>Infos pratiques - Photographe Nouveau n\u00e9, B\u00e9b\u00e9, Grossesse Lorraine et Luxembourg<\/title>\n<meta name=\"robots\" content=\"index, follow, max-snippet:-1, max-image-preview:large, max-video-preview:-1\" \/>\n<link rel=\"canonical\" href=\"https:\/\/coralieferreiraphotographe.com\/index.php\/infos-pratiques\/\" \/>\n<meta property=\"og:locale\" content=\"fr_FR\" \/>\n<meta property=\"og:type\" content=\"article\" \/>\n<meta property=\"og:title\" content=\"Infos pratiques - Photographe Nouveau n\u00e9, B\u00e9b\u00e9, Grossesse Lorraine et Luxembourg\" \/>\n<meta property=\"og:url\" content=\"https:\/\/coralieferreiraphotographe.com\/index.php\/infos-pratiques\/\" \/>\n<meta property=\"og:site_name\" content=\"Photographe Nouveau n\u00e9, B\u00e9b\u00e9, Grossesse Lorraine et Luxembourg\" \/>\n<meta property=\"article:modified_time\" content=\"2020-04-30T15:12:41+00:00\" \/>\n<meta name=\"twitter:card\" content=\"summary_large_image\" \/>\n<meta name=\"twitter:label1\" content=\"Dur\u00e9e de lecture estim\u00e9e\" \/>\n\t<meta name=\"twitter:data1\" content=\"3 minutes\" \/>\n<script type=\"application\/ld+json\" class=\"yoast-schema-graph\">{\"@context\":\"https:\/\/schema.org\",\"@graph\":[{\"@type\":\"WebSite\",\"@id\":\"https:\/\/coralieferreiraphotographe.com\/#website\",\"url\":\"https:\/\/coralieferreiraphotographe.com\/\",\"name\":\"Photographe Nouveau n\u00e9, B\u00e9b\u00e9, Grossesse Lorraine et Luxembourg\",\"description\":\"\",\"potentialAction\":[{\"@type\":\"SearchAction\",\"target\":{\"@type\":\"EntryPoint\",\"urlTemplate\":\"https:\/\/coralieferreiraphotographe.com\/?s={search_term_string}\"},\"query-input\":\"required name=search_term_string\"}],\"inLanguage\":\"fr-FR\"},{\"@type\":\"WebPage\",\"@id\":\"https:\/\/coralieferreiraphotographe.com\/index.php\/infos-pratiques\/\",\"url\":\"https:\/\/coralieferreiraphotographe.com\/index.php\/infos-pratiques\/\",\"name\":\"Infos pratiques - Photographe Nouveau n\u00e9, B\u00e9b\u00e9, Grossesse Lorraine et Luxembourg\",\"isPartOf\":{\"@id\":\"https:\/\/coralieferreiraphotographe.com\/#website\"},\"datePublished\":\"2020-04-24T15:25:53+00:00\",\"dateModified\":\"2020-04-30T15:12:41+00:00\",\"breadcrumb\":{\"@id\":\"https:\/\/coralieferreiraphotographe.com\/index.php\/infos-pratiques\/#breadcrumb\"},\"inLanguage\":\"fr-FR\",\"potentialAction\":[{\"@type\":\"ReadAction\",\"target\":[\"https:\/\/coralieferreiraphotographe.com\/index.php\/infos-pratiques\/\"]}]},{\"@type\":\"BreadcrumbList\",\"@id\":\"https:\/\/coralieferreiraphotographe.com\/index.php\/infos-pratiques\/#breadcrumb\",\"itemListElement\":[{\"@type\":\"ListItem\",\"position\":1,\"name\":\"Accueil\",\"item\":\"https:\/\/coralieferreiraphotographe.com\/\"},{\"@type\":\"ListItem\",\"position\":2,\"name\":\"Infos pratiques\"}]}]}<\/script>\n<!-- \/ Yoast SEO plugin. -->","yoast_head_json":{"title":"Infos pratiques - Photographe Nouveau n\u00e9, B\u00e9b\u00e9, Grossesse Lorraine et Luxembourg","robots":{"index":"index","follow":"follow","max-snippet":"max-snippet:-1","max-image-preview":"max-image-preview:large","max-video-preview":"max-video-preview:-1"},"canonical":"https:\/\/coralieferreiraphotographe.com\/index.php\/infos-pratiques\/","og_locale":"fr_FR","og_type":"article","og_title":"Infos pratiques - Photographe Nouveau n\u00e9, B\u00e9b\u00e9, Grossesse Lorraine et Luxembourg","og_url":"https:\/\/coralieferreiraphotographe.com\/index.php\/infos-pratiques\/","og_site_name":"Photographe Nouveau n\u00e9, B\u00e9b\u00e9, Grossesse Lorraine et Luxembourg","article_modified_time":"2020-04-30T15:12:41+00:00","twitter_card":"summary_large_image","twitter_misc":{"Dur\u00e9e de lecture estim\u00e9e":"3 minutes"},"schema":{"@context":"https:\/\/schema.org","@graph":[{"@type":"WebSite","@id":"https:\/\/coralieferreiraphotographe.com\/#website","url":"https:\/\/coralieferreiraphotographe.com\/","name":"Photographe Nouveau n\u00e9, B\u00e9b\u00e9, Grossesse Lorraine et Luxembourg","description":"","potentialAction":[{"@type":"SearchAction","target":{"@type":"EntryPoint","urlTemplate":"https:\/\/coralieferreiraphotographe.com\/?s={search_term_string}"},"query-input":"required name=search_term_string"}],"inLanguage":"fr-FR"},{"@type":"WebPage","@id":"https:\/\/coralieferreiraphotographe.com\/index.php\/infos-pratiques\/","url":"https:\/\/coralieferreiraphotographe.com\/index.php\/infos-pratiques\/","name":"Infos pratiques - Photographe Nouveau n\u00e9, B\u00e9b\u00e9, Grossesse Lorraine et Luxembourg","isPartOf":{"@id":"https:\/\/coralieferreiraphotographe.com\/#website"},"datePublished":"2020-04-24T15:25:53+00:00","dateModified":"2020-04-30T15:12:41+00:00","breadcrumb":{"@id":"https:\/\/coralieferreiraphotographe.com\/index.php\/infos-pratiques\/#breadcrumb"},"inLanguage":"fr-FR","potentialAction":[{"@type":"ReadAction","target":["https:\/\/coralieferreiraphotographe.com\/index.php\/infos-pratiques\/"]}]},{"@type":"BreadcrumbList","@id":"https:\/\/coralieferreiraphotographe.com\/index.php\/infos-pratiques\/#breadcrumb","itemListElement":[{"@type":"ListItem","position":1,"name":"Accueil","item":"https:\/\/coralieferreiraphotographe.com\/"},{"@type":"ListItem","position":2,"name":"Infos pratiques"}]}]}},"_links":{"self":[{"href":"https:\/\/coralieferreiraphotographe.com\/index.php\/wp-json\/wp\/v2\/pages\/1064"}],"collection":[{"href":"https:\/\/coralieferreiraphotographe.com\/index.php\/wp-json\/wp\/v2\/pages"}],"about":[{"href":"https:\/\/coralieferreiraphotographe.com\/index.php\/wp-json\/wp\/v2\/types\/page"}],"author":[{"embeddable":true,"href":"https:\/\/coralieferreiraphotographe.com\/index.php\/wp-json\/wp\/v2\/users\/1"}],"replies":[{"embeddable":true,"href":"https:\/\/coralieferreiraphotographe.com\/index.php\/wp-json\/wp\/v2\/comments?post=1064"}],"version-history":[{"count":14,"href":"https:\/\/coralieferreiraphotographe.com\/index.php\/wp-json\/wp\/v2\/pages\/1064\/revisions"}],"predecessor-version":[{"id":1306,"href":"https:\/\/coralieferreiraphotographe.com\/index.php\/wp-json\/wp\/v2\/pages\/1064\/revisions\/1306"}],"wp:attachment":[{"href":"https:\/\/coralieferreiraphotographe.com\/index.php\/wp-json\/wp\/v2\/media?parent=1064"}],"curies":[{"name":"wp","href":"https:\/\/api.w.org\/{rel}","templated":true}]}}