{"id":7,"date":"2015-11-14T10:58:38","date_gmt":"2015-11-14T10:58:38","guid":{"rendered":"http:\/\/coralieferreiraphotographe.com\/?page_id=7"},"modified":"2024-07-01T18:55:49","modified_gmt":"2024-07-01T16:55:49","slug":"home-2","status":"publish","type":"page","link":"https:\/\/coralieferreiraphotographe.com\/","title":{"rendered":"Acceuil"},"content":{"rendered":"<p><div class=\"fusion-fullwidth fullwidth-box fusion-builder-row-1 nonhundred-percent-fullwidth non-hundred-percent-height-scrolling\"  style='background-color: #242424;background-position: left top;background-repeat: no-repeat;padding-top:20px;padding-right:0px;padding-bottom:2.5%;padding-left:0px;border-top-width:0px;border-bottom-width:0px;border-color:#3e3e3e;border-top-style:solid;border-bottom-style:solid;'><div class=\"fusion-builder-row fusion-row \"><div  class=\"fusion-layout-column fusion_builder_column fusion_builder_column_1_1 fusion-builder-column-0 fusion-one-full fusion-column-first fusion-column-last fusion-column-no-min-height 1_1\"  style='margin-top:0px;margin-bottom:20px;'><div class=\"fusion-column-wrapper\" style=\"padding: 0px 0px 0px 0px;background-position:left top;background-repeat:no-repeat;-webkit-background-size:cover;-moz-background-size:cover;-o-background-size:cover;background-size:cover;\"   data-bg-url=\"\"><div class=\"aligncenter\"><div class=\"fusion-social-links\"><div class=\"fusion-social-networks boxed-icons\"><div class=\"fusion-social-networks-wrapper\"><a class=\"fusion-social-network-icon fusion-tooltip fusion-facebook fusion-icon-facebook\" style=\"color:#ffffff;background-color:#bf1c86;border-color:#bf1c86;border-radius:6px;\" aria-label=\"fusion-facebook\" target=\"_blank\" rel=\"noopener noreferrer\" href=\"https:\/\/www.facebook.com\/coralieferreiraphotographe\/\" data-placement=\"bottom\" data-title=\"Facebook\" data-toggle=\"tooltip\" title=\"Facebook\"><\/a><a class=\"fusion-social-network-icon fusion-tooltip fusion-instagram fusion-icon-instagram\" style=\"color:#ffffff;background-color:#bf1c86;border-color:#bf1c86;border-radius:6px;\" aria-label=\"fusion-instagram\" target=\"_blank\" rel=\"noopener noreferrer\" href=\"https:\/\/www.instagram.com\/coralie_ferreira_photographe\" data-placement=\"bottom\" data-title=\"Instagram\" data-toggle=\"tooltip\" title=\"Instagram\"><\/a><\/div><\/div><\/div><\/div><div class=\"fusion-sep-clear\"><\/div><div class=\"fusion-separator fusion-full-width-sep sep-double\" style=\"border-color:#3e3e3e;border-top-width:1px;border-bottom-width:1px;margin-left: auto;margin-right: auto;margin-top:;\"><\/div><style type=\"text\/css\">@media only screen and (max-width:800px) {.fusion-title.fusion-title-1{margin-top:10px!important;margin-bottom:10px!important;}}<\/style><div class=\"fusion-title title fusion-title-1 fusion-title-text fusion-title-size-two\" style=\"font-size:2em;margin-top:10px;margin-bottom:15px;\"><h2 class=\"title-heading-left\" style=\"margin:0;font-size:1em;line-height:57.33333206176754px;\"><div style=\"text-align: center;\"><span style=\"color: var(--h3_typography-color); font-family: var(--h3_typography-font-family); font-size: 1em; font-style: var(--h3_typography-font-style,normal); letter-spacing: var(--h3_typography-letter-spacing);\">VOTRE PHOTOGRAPHE PROFESSIONNELLE DE LA LORRAINE AU LUXEMBOURG<\/span><\/div><\/h2><div class=\"title-sep-container\"><div class=\"title-sep sep-double sep-solid\" style=\"border-color:#3e3e3e;\"><\/div><\/div><\/div><div class=\"fusion-clearfix\"><\/div><\/div><\/div><div  class=\"fusion-layout-column fusion_builder_column fusion_builder_column_1_1 fusion-builder-column-1 fusion-one-full fusion-column-first fusion-column-last 1_1\"  style='margin-top:0px;margin-bottom:20px;'><div class=\"fusion-column-wrapper\" style=\"padding: 0px 0px 0px 0px;background-position:left top;background-repeat:no-repeat;-webkit-background-size:cover;-moz-background-size:cover;-o-background-size:cover;background-size:cover;\"   data-bg-url=\"\"><div class=\"fusion-sep-clear\"><\/div><div class=\"fusion-separator fusion-full-width-sep sep-double\" style=\"border-color:#3e3e3e;border-top-width:1px;border-bottom-width:1px;margin-left: auto;margin-right: auto;margin-top:;\"><\/div><div class=\"fusion-clearfix\"><\/div><\/div><\/div><div  class=\"fusion-layout-column fusion_builder_column fusion_builder_column_1_1 fusion-builder-column-2 fusion-one-full fusion-column-first fusion-column-last 1_1\"  style='margin-top:0px;margin-bottom:20px;'><div class=\"fusion-column-wrapper\" style=\"padding: 0% 15% 0% 15%;background-position:left top;background-repeat:no-repeat;-webkit-background-size:cover;-moz-background-size:cover;-o-background-size:cover;background-size:cover;\"   data-bg-url=\"\"><div class=\"fusion-text\"><h3 style=\"text-align: center;\">CAPTURER CHAQUES INSTANTS<\/h3>\n<\/div><div class=\"fusion-text\"><p style=\"text-align: center; color: #ffffff;\">Photographe professionnelle sp\u00e9cialis\u00e9e dans la capture des moments pr\u00e9cieux de la vie.<\/p>\n<p style=\"text-align: center; color: #ffffff;\">Situ\u00e9 \u00e0 Cosnes et Romain, pr\u00e8s de la fronti\u00e8re Luxembourgeoise et de la Belgique.<\/p>\n<p style=\"text-align: center; color: #ffffff;\">Quelle que soit la raison de votre venue ici, cela serait un privil\u00e8ge et un honneur pour moi<\/p>\n<p style=\"text-align: center; color: #ffffff;\">de pouvoir capturer les premiers moments pr\u00e9cieux de la vie de votre enfant,<\/p>\n<p style=\"text-align: center; color: #ffffff;\">de ch\u00e9rir les souvenirs de votre grossesse, ou tout simplement d\u2019immortaliser<\/p>\n<p style=\"text-align: center;\"><span style=\"color: #faf2ff;\"><span style=\"color: #ffffff;\">son enfance afin que vous puissiez la garder et la ch\u00e9rir avec votre famille pendant des g\u00e9n\u00e9ration<\/span><\/span><span style=\"color: #ffffff;\">s. <\/span><\/p>\n<p style=\"text-align: center;\"><span style=\"font-family: var(--body_typography-font-family); font-size: var(--body_typography-font-size); font-style: var(--body_typography-font-style,normal); letter-spacing: var(--body_typography-letter-spacing); color: #ffffff;\">A tr\u00e8s <\/span><span style=\"font-family: var(--body_typography-font-family); font-size: var(--body_typography-font-size); font-style: var(--body_typography-font-style,normal); letter-spacing: var(--body_typography-letter-spacing); color: #ffffff;\">bient\u00f4t <\/span><\/p>\n<p style=\"text-align: center;\"><span style=\"color: #ffffff;\"><span style=\"caret-color: #ffffff;\">Coralie<\/span><\/span><\/p>\n<\/div><div class=\"fusion-clearfix\"><\/div><\/div><\/div><\/div><\/div><div class=\"fusion-fullwidth fullwidth-box fusion-builder-row-2 nonhundred-percent-fullwidth non-hundred-percent-height-scrolling\"  style='background-color: #242424;background-position: center center;background-repeat: no-repeat;padding-top:0px;padding-right:0px;padding-bottom:0px;padding-left:0px;'><div class=\"fusion-builder-row fusion-row \"><div  class=\"fusion-layout-column fusion_builder_column fusion_builder_column_1_1 fusion-builder-column-3 fusion-one-full fusion-column-first fusion-column-last 1_1\"  style='margin-top:0px;margin-bottom:20px;'><div class=\"fusion-column-wrapper\" style=\"padding: 0px 0px 0px 0px;background-position:left top;background-repeat:no-repeat;-webkit-background-size:cover;-moz-background-size:cover;-o-background-size:cover;background-size:cover;\"   data-bg-url=\"\"><div class=\"fusion-slider-sc fusion-flexslider-loading flexslider flexslider-hover-type-none\" data-slideshow_autoplay=\"1\" data-slideshow_smooth_height=\"0\" data-slideshow_speed=\"7000\" style=\"max-width:100%;height:100%;\"><ul class=\"slides\"><li class=\"image\"><span class=\"fusion-image-hover-element hover-type-none\"><img loading=\"lazy\" decoding=\"async\" src=\"https:\/\/coralieferreiraphotographe.com\/wp-content\/uploads\/2024\/07\/DSC_7211-Modifier-1024x684.jpg\" width=\"1024\" height=\"684\" class=\"wp-image-1466\" srcset=\"https:\/\/coralieferreiraphotographe.com\/wp-content\/uploads\/2024\/07\/DSC_7211-Modifier-200x134.jpg 200w, https:\/\/coralieferreiraphotographe.com\/wp-content\/uploads\/2024\/07\/DSC_7211-Modifier-400x267.jpg 400w, https:\/\/coralieferreiraphotographe.com\/wp-content\/uploads\/2024\/07\/DSC_7211-Modifier-600x401.jpg 600w, https:\/\/coralieferreiraphotographe.com\/wp-content\/uploads\/2024\/07\/DSC_7211-Modifier-800x534.jpg 800w, https:\/\/coralieferreiraphotographe.com\/wp-content\/uploads\/2024\/07\/DSC_7211-Modifier-1200x801.jpg 1200w\" sizes=\"(max-width: 800px) 100vw, 1024px\" \/><\/span><\/li><li class=\"image\"><span class=\"fusion-image-hover-element hover-type-none\"><img loading=\"lazy\" decoding=\"async\" src=\"https:\/\/coralieferreiraphotographe.com\/wp-content\/uploads\/2024\/07\/DSC_4395-Modifier-1024x684.jpg\" width=\"1024\" height=\"684\" class=\"wp-image-1460\" srcset=\"https:\/\/coralieferreiraphotographe.com\/wp-content\/uploads\/2024\/07\/DSC_4395-Modifier-200x134.jpg 200w, https:\/\/coralieferreiraphotographe.com\/wp-content\/uploads\/2024\/07\/DSC_4395-Modifier-400x267.jpg 400w, https:\/\/coralieferreiraphotographe.com\/wp-content\/uploads\/2024\/07\/DSC_4395-Modifier-600x401.jpg 600w, https:\/\/coralieferreiraphotographe.com\/wp-content\/uploads\/2024\/07\/DSC_4395-Modifier-800x534.jpg 800w, https:\/\/coralieferreiraphotographe.com\/wp-content\/uploads\/2024\/07\/DSC_4395-Modifier-1200x801.jpg 1200w\" sizes=\"(max-width: 800px) 100vw, 1024px\" \/><\/span><\/li><li class=\"image\"><span class=\"fusion-image-hover-element hover-type-none\"><img loading=\"lazy\" decoding=\"async\" src=\"https:\/\/coralieferreiraphotographe.com\/wp-content\/uploads\/2020\/03\/PROPRIETE-CORALIE-FERREIRA-LO-scaled.jpg\" width=\"2560\" height=\"1705\" class=\"wp-image-723\" srcset=\"https:\/\/coralieferreiraphotographe.com\/wp-content\/uploads\/2020\/03\/PROPRIETE-CORALIE-FERREIRA-LO-50x33.jpg 50w, https:\/\/coralieferreiraphotographe.com\/wp-content\/uploads\/2020\/03\/PROPRIETE-CORALIE-FERREIRA-LO-300x200.jpg 300w, https:\/\/coralieferreiraphotographe.com\/wp-content\/uploads\/2020\/03\/PROPRIETE-CORALIE-FERREIRA-LO-768x512.jpg 768w, https:\/\/coralieferreiraphotographe.com\/wp-content\/uploads\/2020\/03\/PROPRIETE-CORALIE-FERREIRA-LO-1024x682.jpg 1024w, https:\/\/coralieferreiraphotographe.com\/wp-content\/uploads\/2020\/03\/PROPRIETE-CORALIE-FERREIRA-LO-1536x1023.jpg 1536w, https:\/\/coralieferreiraphotographe.com\/wp-content\/uploads\/2020\/03\/PROPRIETE-CORALIE-FERREIRA-LO-scaled.jpg 2560w\" sizes=\"(max-width: 2560px) 100vw, 2560px\" \/><\/span><\/li><li class=\"image\"><span class=\"fusion-image-hover-element hover-type-none\"><img loading=\"lazy\" decoding=\"async\" src=\"https:\/\/coralieferreiraphotographe.com\/wp-content\/uploads\/2024\/07\/DSC_3389-Modifier-Modifier-1024x683.jpg\" width=\"1024\" height=\"683\" class=\"wp-image-1471\" srcset=\"https:\/\/coralieferreiraphotographe.com\/wp-content\/uploads\/2024\/07\/DSC_3389-Modifier-Modifier-200x133.jpg 200w, https:\/\/coralieferreiraphotographe.com\/wp-content\/uploads\/2024\/07\/DSC_3389-Modifier-Modifier-400x267.jpg 400w, https:\/\/coralieferreiraphotographe.com\/wp-content\/uploads\/2024\/07\/DSC_3389-Modifier-Modifier-600x400.jpg 600w, https:\/\/coralieferreiraphotographe.com\/wp-content\/uploads\/2024\/07\/DSC_3389-Modifier-Modifier-800x534.jpg 800w, https:\/\/coralieferreiraphotographe.com\/wp-content\/uploads\/2024\/07\/DSC_3389-Modifier-Modifier-1200x801.jpg 1200w\" sizes=\"(max-width: 800px) 100vw, 1024px\" \/><\/span><\/li><li class=\"image\"><span class=\"fusion-image-hover-element hover-type-none\"><img loading=\"lazy\" decoding=\"async\" src=\"https:\/\/coralieferreiraphotographe.com\/wp-content\/uploads\/2024\/07\/DSC_9749-Modifier-2-Modifier-1024x684.jpg\" width=\"1024\" height=\"684\" class=\"wp-image-1468\" srcset=\"https:\/\/coralieferreiraphotographe.com\/wp-content\/uploads\/2024\/07\/DSC_9749-Modifier-2-Modifier-200x134.jpg 200w, https:\/\/coralieferreiraphotographe.com\/wp-content\/uploads\/2024\/07\/DSC_9749-Modifier-2-Modifier-400x267.jpg 400w, https:\/\/coralieferreiraphotographe.com\/wp-content\/uploads\/2024\/07\/DSC_9749-Modifier-2-Modifier-600x401.jpg 600w, https:\/\/coralieferreiraphotographe.com\/wp-content\/uploads\/2024\/07\/DSC_9749-Modifier-2-Modifier-800x534.jpg 800w, https:\/\/coralieferreiraphotographe.com\/wp-content\/uploads\/2024\/07\/DSC_9749-Modifier-2-Modifier-1200x801.jpg 1200w\" sizes=\"(max-width: 800px) 100vw, 1024px\" \/><\/span><\/li><li class=\"image\"><span class=\"fusion-image-hover-element hover-type-none\"><img loading=\"lazy\" decoding=\"async\" src=\"https:\/\/coralieferreiraphotographe.com\/wp-content\/uploads\/2024\/07\/MAC_5575-Modifier-1024x683.jpg\" width=\"1024\" height=\"683\" class=\"wp-image-1472\" srcset=\"https:\/\/coralieferreiraphotographe.com\/wp-content\/uploads\/2024\/07\/MAC_5575-Modifier-200x133.jpg 200w, https:\/\/coralieferreiraphotographe.com\/wp-content\/uploads\/2024\/07\/MAC_5575-Modifier-400x267.jpg 400w, https:\/\/coralieferreiraphotographe.com\/wp-content\/uploads\/2024\/07\/MAC_5575-Modifier-600x400.jpg 600w, https:\/\/coralieferreiraphotographe.com\/wp-content\/uploads\/2024\/07\/MAC_5575-Modifier-800x534.jpg 800w, https:\/\/coralieferreiraphotographe.com\/wp-content\/uploads\/2024\/07\/MAC_5575-Modifier-1200x801.jpg 1200w\" sizes=\"(max-width: 800px) 100vw, 1024px\" \/><\/span><\/li><li class=\"image\"><span class=\"fusion-image-hover-element hover-type-none\"><img loading=\"lazy\" decoding=\"async\" src=\"https:\/\/coralieferreiraphotographe.com\/wp-content\/uploads\/2024\/07\/DSC_4375-Modifier-1024x684.jpg\" width=\"1024\" height=\"684\" class=\"wp-image-1459\" srcset=\"https:\/\/coralieferreiraphotographe.com\/wp-content\/uploads\/2024\/07\/DSC_4375-Modifier-200x134.jpg 200w, https:\/\/coralieferreiraphotographe.com\/wp-content\/uploads\/2024\/07\/DSC_4375-Modifier-400x267.jpg 400w, https:\/\/coralieferreiraphotographe.com\/wp-content\/uploads\/2024\/07\/DSC_4375-Modifier-600x401.jpg 600w, https:\/\/coralieferreiraphotographe.com\/wp-content\/uploads\/2024\/07\/DSC_4375-Modifier-800x534.jpg 800w, https:\/\/coralieferreiraphotographe.com\/wp-content\/uploads\/2024\/07\/DSC_4375-Modifier-1200x801.jpg 1200w\" sizes=\"(max-width: 800px) 100vw, 1024px\" \/><\/span><\/li><li class=\"image\"><span class=\"fusion-image-hover-element hover-type-none\"><img loading=\"lazy\" decoding=\"async\" src=\"https:\/\/coralieferreiraphotographe.com\/wp-content\/uploads\/2020\/03\/ROMY-5-scaled.jpg\" width=\"2560\" height=\"1740\" class=\"wp-image-782\" srcset=\"https:\/\/coralieferreiraphotographe.com\/wp-content\/uploads\/2020\/03\/ROMY-5-50x34.jpg 50w, https:\/\/coralieferreiraphotographe.com\/wp-content\/uploads\/2020\/03\/ROMY-5-300x204.jpg 300w, https:\/\/coralieferreiraphotographe.com\/wp-content\/uploads\/2020\/03\/ROMY-5-768x522.jpg 768w, https:\/\/coralieferreiraphotographe.com\/wp-content\/uploads\/2020\/03\/ROMY-5-1024x696.jpg 1024w, https:\/\/coralieferreiraphotographe.com\/wp-content\/uploads\/2020\/03\/ROMY-5-1536x1044.jpg 1536w, https:\/\/coralieferreiraphotographe.com\/wp-content\/uploads\/2020\/03\/ROMY-5-scaled.jpg 2560w\" sizes=\"(max-width: 2560px) 100vw, 2560px\" \/><\/span><\/li><li class=\"image\"><span class=\"fusion-image-hover-element hover-type-none\"><img loading=\"lazy\" decoding=\"async\" src=\"https:\/\/coralieferreiraphotographe.com\/wp-content\/uploads\/2024\/07\/Marlusa-Emilie-4-1024x684.jpg\" width=\"1024\" height=\"684\" class=\"wp-image-1462\" srcset=\"https:\/\/coralieferreiraphotographe.com\/wp-content\/uploads\/2024\/07\/Marlusa-Emilie-4-200x134.jpg 200w, https:\/\/coralieferreiraphotographe.com\/wp-content\/uploads\/2024\/07\/Marlusa-Emilie-4-400x267.jpg 400w, https:\/\/coralieferreiraphotographe.com\/wp-content\/uploads\/2024\/07\/Marlusa-Emilie-4-600x401.jpg 600w, https:\/\/coralieferreiraphotographe.com\/wp-content\/uploads\/2024\/07\/Marlusa-Emilie-4-800x534.jpg 800w, https:\/\/coralieferreiraphotographe.com\/wp-content\/uploads\/2024\/07\/Marlusa-Emilie-4-1200x801.jpg 1200w\" sizes=\"(max-width: 800px) 100vw, 1024px\" \/><\/span><\/li><li class=\"image\"><span class=\"fusion-image-hover-element hover-type-none\"><img loading=\"lazy\" decoding=\"async\" src=\"https:\/\/coralieferreiraphotographe.com\/wp-content\/uploads\/2024\/07\/DSC_3221-Modifier-Modifier-1024x683.jpg\" width=\"1024\" height=\"683\" class=\"wp-image-1465\" srcset=\"https:\/\/coralieferreiraphotographe.com\/wp-content\/uploads\/2024\/07\/DSC_3221-Modifier-Modifier-200x133.jpg 200w, https:\/\/coralieferreiraphotographe.com\/wp-content\/uploads\/2024\/07\/DSC_3221-Modifier-Modifier-400x267.jpg 400w, https:\/\/coralieferreiraphotographe.com\/wp-content\/uploads\/2024\/07\/DSC_3221-Modifier-Modifier-600x400.jpg 600w, https:\/\/coralieferreiraphotographe.com\/wp-content\/uploads\/2024\/07\/DSC_3221-Modifier-Modifier-800x534.jpg 800w, https:\/\/coralieferreiraphotographe.com\/wp-content\/uploads\/2024\/07\/DSC_3221-Modifier-Modifier-1200x801.jpg 1200w\" sizes=\"(max-width: 800px) 100vw, 1024px\" \/><\/span><\/li><\/ul><\/div><div class=\"fusion-clearfix\"><\/div><\/div><\/div><\/div><\/div><style type=\"text\/css\">.fusion-fullwidth.fusion-builder-row-2 a:not(.fusion-button):not(.fusion-builder-module-control):not(.fusion-social-network-icon):not(.fb-icon-element):not(.fusion-countdown-link):not(.fusion-rollover-link):not(.fusion-rollover-gallery):not(.fusion-button-bar):not(.add_to_cart_button):not(.show_details_button):not(.product_type_external):not(.fusion-quick-view):not(.fusion-rollover-title-link):not(.fusion-breadcrumb-link) , .fusion-fullwidth.fusion-builder-row-2 a:not(.fusion-button):not(.fusion-builder-module-control):not(.fusion-social-network-icon):not(.fb-icon-element):not(.fusion-countdown-link):not(.fusion-rollover-link):not(.fusion-rollover-gallery):not(.fusion-button-bar):not(.add_to_cart_button):not(.show_details_button):not(.product_type_external):not(.fusion-quick-view):not(.fusion-rollover-title-link):not(.fusion-breadcrumb-link):before, .fusion-fullwidth.fusion-builder-row-2 a:not(.fusion-button):not(.fusion-builder-module-control):not(.fusion-social-network-icon):not(.fb-icon-element):not(.fusion-countdown-link):not(.fusion-rollover-link):not(.fusion-rollover-gallery):not(.fusion-button-bar):not(.add_to_cart_button):not(.show_details_button):not(.product_type_external):not(.fusion-quick-view):not(.fusion-rollover-title-link):not(.fusion-breadcrumb-link):after {color: #ffffff;}.fusion-fullwidth.fusion-builder-row-2 a:not(.fusion-button):not(.fusion-builder-module-control):not(.fusion-social-network-icon):not(.fb-icon-element):not(.fusion-countdown-link):not(.fusion-rollover-link):not(.fusion-rollover-gallery):not(.fusion-button-bar):not(.add_to_cart_button):not(.show_details_button):not(.product_type_external):not(.fusion-quick-view):not(.fusion-rollover-title-link):not(.fusion-breadcrumb-link):hover, .fusion-fullwidth.fusion-builder-row-2 a:not(.fusion-button):not(.fusion-builder-module-control):not(.fusion-social-network-icon):not(.fb-icon-element):not(.fusion-countdown-link):not(.fusion-rollover-link):not(.fusion-rollover-gallery):not(.fusion-button-bar):not(.add_to_cart_button):not(.show_details_button):not(.product_type_external):not(.fusion-quick-view):not(.fusion-rollover-title-link):not(.fusion-breadcrumb-link):hover:before, .fusion-fullwidth.fusion-builder-row-2 a:not(.fusion-button):not(.fusion-builder-module-control):not(.fusion-social-network-icon):not(.fb-icon-element):not(.fusion-countdown-link):not(.fusion-rollover-link):not(.fusion-rollover-gallery):not(.fusion-button-bar):not(.add_to_cart_button):not(.show_details_button):not(.product_type_external):not(.fusion-quick-view):not(.fusion-rollover-title-link):not(.fusion-breadcrumb-link):hover:after {color: #af3f7f;}.fusion-fullwidth.fusion-builder-row-2 .pagination a.inactive:hover, .fusion-fullwidth.fusion-builder-row-2 .fusion-filters .fusion-filter.fusion-active a {border-color: #af3f7f;}.fusion-fullwidth.fusion-builder-row-2 .pagination .current {border-color: #af3f7f; background-color: #af3f7f;}.fusion-fullwidth.fusion-builder-row-2 .fusion-filters .fusion-filter.fusion-active a, .fusion-fullwidth.fusion-builder-row-2 .fusion-date-and-formats .fusion-format-box, .fusion-fullwidth.fusion-builder-row-2 .fusion-popover, .fusion-fullwidth.fusion-builder-row-2 .tooltip-shortcode {color: #af3f7f;}#main .fusion-fullwidth.fusion-builder-row-2 .post .blog-shortcode-post-title a:hover {color: #af3f7f;}<\/style><\/p>\n","protected":false},"excerpt":{"rendered":"","protected":false},"author":1,"featured_media":0,"parent":0,"menu_order":0,"comment_status":"closed","ping_status":"closed","template":"100-width.php","meta":{"footnotes":""},"yoast_head":"<!-- This site is optimized with the Yoast SEO plugin v19.4 - https:\/\/yoast.com\/wordpress\/plugins\/seo\/ -->\n<title>Acceuil - Photographe Nouveau n\u00e9, B\u00e9b\u00e9, Grossesse Lorraine et Luxembourg<\/title>\n<meta name=\"robots\" content=\"index, follow, max-snippet:-1, max-image-preview:large, max-video-preview:-1\" \/>\n<link rel=\"canonical\" href=\"https:\/\/coralieferreiraphotographe.com\/\" \/>\n<meta property=\"og:locale\" content=\"fr_FR\" \/>\n<meta property=\"og:type\" content=\"article\" \/>\n<meta property=\"og:title\" content=\"Acceuil - Photographe Nouveau n\u00e9, B\u00e9b\u00e9, Grossesse Lorraine et Luxembourg\" \/>\n<meta property=\"og:url\" content=\"https:\/\/coralieferreiraphotographe.com\/\" \/>\n<meta property=\"og:site_name\" content=\"Photographe Nouveau n\u00e9, B\u00e9b\u00e9, Grossesse Lorraine et Luxembourg\" \/>\n<meta property=\"article:modified_time\" content=\"2024-07-01T16:55:49+00:00\" \/>\n<meta name=\"twitter:card\" content=\"summary_large_image\" \/>\n<meta name=\"twitter:label1\" content=\"Dur\u00e9e de lecture estim\u00e9e\" \/>\n\t<meta name=\"twitter:data1\" content=\"7 minutes\" \/>\n<script type=\"application\/ld+json\" class=\"yoast-schema-graph\">{\"@context\":\"https:\/\/schema.org\",\"@graph\":[{\"@type\":\"WebSite\",\"@id\":\"https:\/\/coralieferreiraphotographe.com\/#website\",\"url\":\"https:\/\/coralieferreiraphotographe.com\/\",\"name\":\"Photographe Nouveau n\u00e9, B\u00e9b\u00e9, Grossesse Lorraine et Luxembourg\",\"description\":\"\",\"potentialAction\":[{\"@type\":\"SearchAction\",\"target\":{\"@type\":\"EntryPoint\",\"urlTemplate\":\"https:\/\/coralieferreiraphotographe.com\/?s={search_term_string}\"},\"query-input\":\"required name=search_term_string\"}],\"inLanguage\":\"fr-FR\"},{\"@type\":\"WebPage\",\"@id\":\"https:\/\/coralieferreiraphotographe.com\/\",\"url\":\"https:\/\/coralieferreiraphotographe.com\/\",\"name\":\"Acceuil - Photographe Nouveau n\u00e9, B\u00e9b\u00e9, Grossesse Lorraine et Luxembourg\",\"isPartOf\":{\"@id\":\"https:\/\/coralieferreiraphotographe.com\/#website\"},\"datePublished\":\"2015-11-14T10:58:38+00:00\",\"dateModified\":\"2024-07-01T16:55:49+00:00\",\"breadcrumb\":{\"@id\":\"https:\/\/coralieferreiraphotographe.com\/#breadcrumb\"},\"inLanguage\":\"fr-FR\",\"potentialAction\":[{\"@type\":\"ReadAction\",\"target\":[\"https:\/\/coralieferreiraphotographe.com\/\"]}]},{\"@type\":\"BreadcrumbList\",\"@id\":\"https:\/\/coralieferreiraphotographe.com\/#breadcrumb\",\"itemListElement\":[{\"@type\":\"ListItem\",\"position\":1,\"name\":\"Accueil\",\"item\":\"https:\/\/coralieferreiraphotographe.com\/\"},{\"@type\":\"ListItem\",\"position\":2,\"name\":\"Acceuil\"}]}]}<\/script>\n<!-- \/ Yoast SEO plugin. -->","yoast_head_json":{"title":"Acceuil - Photographe Nouveau n\u00e9, B\u00e9b\u00e9, Grossesse Lorraine et Luxembourg","robots":{"index":"index","follow":"follow","max-snippet":"max-snippet:-1","max-image-preview":"max-image-preview:large","max-video-preview":"max-video-preview:-1"},"canonical":"https:\/\/coralieferreiraphotographe.com\/","og_locale":"fr_FR","og_type":"article","og_title":"Acceuil - Photographe Nouveau n\u00e9, B\u00e9b\u00e9, Grossesse Lorraine et Luxembourg","og_url":"https:\/\/coralieferreiraphotographe.com\/","og_site_name":"Photographe Nouveau n\u00e9, B\u00e9b\u00e9, Grossesse Lorraine et Luxembourg","article_modified_time":"2024-07-01T16:55:49+00:00","twitter_card":"summary_large_image","twitter_misc":{"Dur\u00e9e de lecture estim\u00e9e":"7 minutes"},"schema":{"@context":"https:\/\/schema.org","@graph":[{"@type":"WebSite","@id":"https:\/\/coralieferreiraphotographe.com\/#website","url":"https:\/\/coralieferreiraphotographe.com\/","name":"Photographe Nouveau n\u00e9, B\u00e9b\u00e9, Grossesse Lorraine et Luxembourg","description":"","potentialAction":[{"@type":"SearchAction","target":{"@type":"EntryPoint","urlTemplate":"https:\/\/coralieferreiraphotographe.com\/?s={search_term_string}"},"query-input":"required name=search_term_string"}],"inLanguage":"fr-FR"},{"@type":"WebPage","@id":"https:\/\/coralieferreiraphotographe.com\/","url":"https:\/\/coralieferreiraphotographe.com\/","name":"Acceuil - Photographe Nouveau n\u00e9, B\u00e9b\u00e9, Grossesse Lorraine et Luxembourg","isPartOf":{"@id":"https:\/\/coralieferreiraphotographe.com\/#website"},"datePublished":"2015-11-14T10:58:38+00:00","dateModified":"2024-07-01T16:55:49+00:00","breadcrumb":{"@id":"https:\/\/coralieferreiraphotographe.com\/#breadcrumb"},"inLanguage":"fr-FR","potentialAction":[{"@type":"ReadAction","target":["https:\/\/coralieferreiraphotographe.com\/"]}]},{"@type":"BreadcrumbList","@id":"https:\/\/coralieferreiraphotographe.com\/#breadcrumb","itemListElement":[{"@type":"ListItem","position":1,"name":"Accueil","item":"https:\/\/coralieferreiraphotographe.com\/"},{"@type":"ListItem","position":2,"name":"Acceuil"}]}]}},"_links":{"self":[{"href":"https:\/\/coralieferreiraphotographe.com\/index.php\/wp-json\/wp\/v2\/pages\/7"}],"collection":[{"href":"https:\/\/coralieferreiraphotographe.com\/index.php\/wp-json\/wp\/v2\/pages"}],"about":[{"href":"https:\/\/coralieferreiraphotographe.com\/index.php\/wp-json\/wp\/v2\/types\/page"}],"author":[{"embeddable":true,"href":"https:\/\/coralieferreiraphotographe.com\/index.php\/wp-json\/wp\/v2\/users\/1"}],"replies":[{"embeddable":true,"href":"https:\/\/coralieferreiraphotographe.com\/index.php\/wp-json\/wp\/v2\/comments?post=7"}],"version-history":[{"count":30,"href":"https:\/\/coralieferreiraphotographe.com\/index.php\/wp-json\/wp\/v2\/pages\/7\/revisions"}],"predecessor-version":[{"id":1475,"href":"https:\/\/coralieferreiraphotographe.com\/index.php\/wp-json\/wp\/v2\/pages\/7\/revisions\/1475"}],"wp:attachment":[{"href":"https:\/\/coralieferreiraphotographe.com\/index.php\/wp-json\/wp\/v2\/media?parent=7"}],"curies":[{"name":"wp","href":"https:\/\/api.w.org\/{rel}","templated":true}]}}